{"id":19,"date":"2015-11-18T13:08:08","date_gmt":"2015-11-18T12:08:08","guid":{"rendered":"http:\/\/www.igito.it\/wp\/?page_id=19"},"modified":"2026-03-17T21:20:03","modified_gmt":"2026-03-17T20:20:03","slug":"institute","status":"publish","type":"page","link":"https:\/\/www.igito.it\/es\/institute\/","title":{"rendered":"Sobre nosotros"},"content":{"rendered":"<p><\/p>\n<p>El Instituto Jur\u00eddico Internacional de Tur\u00edn &#8211; IgiTo es una entidad asociativa constituida en el a\u00f1o 2015 con el objetivo de promover la investigaci\u00f3n jur\u00eddica, bajo sus perfiles educativos, cient\u00edficos y profesionales, a nivel local e internacional. El Instituto cuenta orgullosamente con una serie de importantes contactos internacionales &#8211; empezando por aquellas personalidades, procedentes de los m\u00e1s diversos pa\u00edses y de las instituciones de mayor prestigio, que han aceptado integrar el Comit\u00e9 Cient\u00edfico Internacional &#8211; y desarrolla su actividad cient\u00edfica en diferentes \u00e1reas.<\/p>\n<p><a name=\"committee\"><\/a><\/p>\n<hr \/>\n<p><strong>DIRECTOR<\/strong><\/p>\n<p><a href=\"https:\/\/www.igito.it\/institute\/roberto-garetto\/\"><span style=\"color: #800000;\">Roberto <strong>Garetto<\/strong><\/span><\/a><\/p>\n<p><a name=\"committee\"><\/a><\/p>\n<hr \/>\n<p><strong>COMIT\u00c9 CIENT\u00cdFICO INTERNACIONAL<\/strong><\/p>\n<p>El Comit\u00e9 cient\u00edfico internacional\u00a0est\u00e1 compuesto por prominentes acad\u00e9micos y profesionales que, en su mayor\u00eda afiliados a diferentes instituciones,\u00a0apoyan al Instituto a t\u00edtulo personal, constituyendo una referencia del mismo en sus Pa\u00edses.<\/p>\n<p><span style=\"color: #800000;\"><strong><em>Europa<\/em><\/strong><\/span><\/p>\n<p><span style=\"color: #800000;\">Ilario <\/span><span style=\"color: #800000;\"><strong>Belloni<\/strong><\/span><strong><br \/>\n<\/strong>Italia &#8211; Universit\u00e0 di Pisa<\/p>\n<p><span style=\"color: #800000;\">Luis-Andr\u00e9s <\/span><span style=\"color: #800000;\"><strong>Cucarella Galiana<br \/>\n<\/strong><\/span>Espa\u00f1a &#8211; Universitat de Val\u00e8ncia<\/p>\n<p><span style=\"color: #800000;\">Sergio <\/span><span style=\"color: #800000;\"><strong>Dellavalle<br \/>\n<\/strong><\/span>Italia &#8211; Universit\u00e0 degli Studi di Torino, Italia; Max-Planck-Institut f\u00fcr ausl\u00e4ndisches \u00f6ffentliches Recht und V\u00f6lkerrecht Heidelberg, Deutschland<\/p>\n<p><span style=\"color: #800000;\">Timothy <\/span><span style=\"color: #800000;\"><strong>Endicott<\/strong><\/span><br \/>\nUniversity of Oxford, UK<\/p>\n<p><span style=\"color: #800000;\">Fernando Higinio<\/span><span style=\"color: #800000;\"><strong> Llano Alonso<\/strong><\/span><strong><br \/>\n<\/strong>Espa\u00f1a\u00a0&#8211;\u00a0Universidad de Sevilla<\/p>\n<p><span style=\"color: #800000;\">Rodrigo <\/span><span style=\"color: #800000;\"><strong>M\u00edguez N\u00fa\u00f1ez<br \/>\n<\/strong><\/span>Chile &#8211; Universit\u00e0 del Piemonte Orientale, Italia<\/p>\n<p><span style=\"color: #800000;\"><strong><em>America<\/em><\/strong><\/span><\/p>\n<p><span style=\"color: #800000;\">Stalin Santiago\u00a0<\/span><span style=\"color: #800000;\"><strong>Bernal Tapia<br \/>\n<\/strong><\/span>Ecuador &#8211; Universidad Cat\u00f3lica de Cuenca<\/p>\n<p><span style=\"color: #800000;\">Manuel de Jes\u00fas\u00a0<\/span><span style=\"color: #800000;\"><strong>Corado de Paz<\/strong><\/span><strong><br \/>\n<\/strong>M\u00e9xico &#8211;\u00a0Centro Iberoamericano de Investigaciones Jur\u00eddicas y Sociales<\/p>\n<p><span style=\"color: #800000;\">Henry\u00a0<\/span><span style=\"color: #800000;\"><strong>Eyner Isaza<br \/>\n<\/strong><\/span>Panam\u00e1 &#8211; UNACHI<\/p>\n<p><span style=\"color: #800000;\">Jainer Enrique\u00a0<\/span><span style=\"color: #800000;\"><strong>Garc\u00eda G\u00f3mez<br \/>\n<\/strong><\/span>Colombia &#8211; Universidad del Cauca<\/p>\n<p><span style=\"color: #800000;\">J\u00e2nia Maria\u00a0<\/span><span style=\"color: #800000;\"><strong>Lopes Saldanha<\/strong><\/span><br \/>\nBrasil &#8211; CCULTIS<\/p>\n<p><span style=\"color: #800000;\">Reyler\u00a0<\/span><span style=\"color: #800000;\"><strong>Rodr\u00edguez Ch\u00e1vez<\/strong><\/span><strong><br \/>\n<\/strong>Per\u00fa\u00a0&#8211; Centro de Investigaci\u00f3n Jur\u00eddica y Revista Essentia Juris<\/p>\n<p><span style=\"color: #800000;\">Patricio\u00a0<\/span><span style=\"color: #800000;\"><strong>Maraniello<\/strong><\/span><strong><br \/>\n<\/strong>Argentina\u00a0&#8211;\u00a0Asociaci\u00f3n Argentina de Justicia Constitucional<\/p>\n<p><span style=\"color: #800000;\">Jorge Isaac\u00a0<\/span><span style=\"color: #800000;\"><strong>Torres Manrique<\/strong><\/span><strong><br \/>\n<\/strong>Per\u00fa &#8211; Escuela Interdisciplinar de Derechos Fundamentales Praeminentia Iustitia<\/p>\n<p><span style=\"color: #800000;\">Eduardo Andr\u00e9s\u00a0<\/span><span style=\"color: #800000;\"><strong>Velandia Canosa<br \/>\n<\/strong><\/span>Colombia &#8211; Asociaci\u00f3n Mundial de Justicia Constitucional<\/p>\n<p><a name=\"cooperation\"><\/a><\/p>\n<hr \/>\n<p><strong>COOPERACI\u00d3N INSTITUCIONAL<\/strong><\/p>\n<p>El Instituto desarrolla actividades de cooperaci\u00f3n a trav\u00e9s de un <b>Comit\u00e9 para las relaciones institucionales<\/b>, cuyo Coordinador es Alessandro Zavatteri y Vice-Coordinador Esteban Camilo Gaviria Rodr\u00edguez. El Instituto tiene el honor de haber concluido acuerdos con las siguientes instituciones:<\/p>\n<p><img loading=\"lazy\" decoding=\"async\" class=\"alignnone wp-image-717\" src=\"http:\/\/www.igito.it\/wp-content\/uploads\/2016\/05\/aajc-logo-completo.png\" alt=\"aajc logo completo\" width=\"209\" height=\"146\" \/><br \/>\n<span style=\"color: #800000;\"><strong>Asociaci\u00f3n Argentina de Justicia Constitucional<\/strong><\/span><br \/>\nArgentina &#8211;\u00a0<span style=\"text-decoration: underline;\"><a href=\"http:\/\/aajc.com.ar\" target=\"_blank\" rel=\"noopener noreferrer\">aajc.com.ar<\/a><\/span><\/p>\n<p><img loading=\"lazy\" decoding=\"async\" class=\"alignnone wp-image-685\" src=\"http:\/\/www.igito.it\/wp-content\/uploads\/2015\/11\/CIIJUS-Logotipo_Colores-300x225.png\" alt=\"CIIJUS Logotipo_Colores\" width=\"193\" height=\"145\" srcset=\"https:\/\/www.igito.it\/wp-content\/uploads\/2015\/11\/CIIJUS-Logotipo_Colores-300x225.png 300w, https:\/\/www.igito.it\/wp-content\/uploads\/2015\/11\/CIIJUS-Logotipo_Colores-768x576.png 768w, https:\/\/www.igito.it\/wp-content\/uploads\/2015\/11\/CIIJUS-Logotipo_Colores-1024x768.png 1024w\" sizes=\"auto, (max-width: 193px) 85vw, 193px\" \/><br \/>\n<span style=\"color: #800000;\"><strong>Centro Iberoamericano de Investigaciones Jur\u00eddicas y Sociales<\/strong><\/span><br \/>\nM\u00e9xico &#8211; <span style=\"text-decoration: underline;\"><a href=\"http:\/\/ciijus.org\" target=\"_blank\" rel=\"noopener noreferrer\">ciijus.org<\/a><\/span><\/p>\n<p><img loading=\"lazy\" decoding=\"async\" class=\"alignnone wp-image-1356\" src=\"https:\/\/www.igito.it\/wp-content\/uploads\/2017\/10\/94B74A9E-17C3-446C-9CFD-0A418E8F4823-962-0000016447A94113-287x300.png\" alt=\"\" width=\"149\" height=\"156\" srcset=\"https:\/\/www.igito.it\/wp-content\/uploads\/2017\/10\/94B74A9E-17C3-446C-9CFD-0A418E8F4823-962-0000016447A94113-287x300.png 287w, https:\/\/www.igito.it\/wp-content\/uploads\/2017\/10\/94B74A9E-17C3-446C-9CFD-0A418E8F4823-962-0000016447A94113-768x803.png 768w, https:\/\/www.igito.it\/wp-content\/uploads\/2017\/10\/94B74A9E-17C3-446C-9CFD-0A418E8F4823-962-0000016447A94113.png 922w\" sizes=\"auto, (max-width: 149px) 85vw, 149px\" \/><br \/>\n<span style=\"color: #800000;\"><strong>Universidad Nacional Aut\u00f3noma de Chiriqu\u00ed<\/strong><\/span><br \/>\nPanam\u00e1 &#8211; <span style=\"text-decoration: underline;\"><a href=\"http:\/\/www.unachi.ac.pa\" target=\"_blank\" rel=\"noopener noreferrer\">www.unachi.ac.pa<\/a><\/span><\/p>\n<p><img loading=\"lazy\" decoding=\"async\" class=\"alignnone size-thumbnail wp-image-1743\" src=\"https:\/\/www.igito.it\/wp-content\/uploads\/2018\/09\/DA6232DD-83A0-4990-8A70-FA1B84270E1F-150x150.jpeg\" alt=\"\" width=\"150\" height=\"150\" \/><img loading=\"lazy\" decoding=\"async\" class=\"alignnone size-thumbnail wp-image-1742\" src=\"https:\/\/www.igito.it\/wp-content\/uploads\/2018\/09\/59ED02F2-31C2-4D12-9DB2-EE4C7C7EC243-150x150.jpeg\" alt=\"\" width=\"150\" height=\"150\" \/><br \/>\n<span style=\"color: #800000;\"><strong>Instituto Iberoamericano de Estudios Superiores &#8211; Universidad Santo Tomas<\/strong><\/span><br \/>\nNicaragua &#8211; <u><a href=\"http:\/\/www.iieslat.org\" target=\"_blank\" rel=\"noopener noreferrer\">www.iieslat.org<\/a><\/u><\/p>","protected":false},"excerpt":{"rendered":"<p>El Instituto Jur\u00eddico Internacional de Tur\u00edn &#8211; IgiTo es una entidad asociativa constituida en el a\u00f1o 2015 con el objetivo de promover la investigaci\u00f3n jur\u00eddica, bajo sus perfiles educativos, cient\u00edficos y profesionales, a nivel local e internacional. El Instituto cuenta orgullosamente con una serie de importantes contactos internacionales &#8211; empezando por aquellas personalidades, procedentes de &hellip; <a href=\"https:\/\/www.igito.it\/es\/institute\/\" class=\"more-link\">Continuar leyendo<span class=\"screen-reader-text\"> \u00abSobre nosotros\u00bb<\/span><\/a><\/p>\n","protected":false},"author":1,"featured_media":1181,"parent":0,"menu_order":2,"comment_status":"closed","ping_status":"closed","template":"","meta":{"footnotes":""},"class_list":["post-19","page","type-page","status-publish","has-post-thumbnail","hentry"],"_links":{"self":[{"href":"https:\/\/www.igito.it\/es\/wp-json\/wp\/v2\/pages\/19","targetHints":{"allow":["GET"]}}],"collection":[{"href":"https:\/\/www.igito.it\/es\/wp-json\/wp\/v2\/pages"}],"about":[{"href":"https:\/\/www.igito.it\/es\/wp-json\/wp\/v2\/types\/page"}],"author":[{"embeddable":true,"href":"https:\/\/www.igito.it\/es\/wp-json\/wp\/v2\/users\/1"}],"replies":[{"embeddable":true,"href":"https:\/\/www.igito.it\/es\/wp-json\/wp\/v2\/comments?post=19"}],"version-history":[{"count":6,"href":"https:\/\/www.igito.it\/es\/wp-json\/wp\/v2\/pages\/19\/revisions"}],"predecessor-version":[{"id":4007,"href":"https:\/\/www.igito.it\/es\/wp-json\/wp\/v2\/pages\/19\/revisions\/4007"}],"wp:featuredmedia":[{"embeddable":true,"href":"https:\/\/www.igito.it\/es\/wp-json\/wp\/v2\/media\/1181"}],"wp:attachment":[{"href":"https:\/\/www.igito.it\/es\/wp-json\/wp\/v2\/media?parent=19"}],"curies":[{"name":"wp","href":"https:\/\/api.w.org\/{rel}","templated":true}]}}