{"id":3949,"date":"2025-04-09T18:07:05","date_gmt":"2025-04-09T17:07:05","guid":{"rendered":"https:\/\/www.igito.it\/?page_id=3949"},"modified":"2026-03-17T21:27:37","modified_gmt":"2026-03-17T20:27:37","slug":"roberto-garetto","status":"publish","type":"page","link":"https:\/\/www.igito.it\/es\/institute\/roberto-garetto\/","title":{"rendered":"Roberto Garetto"},"content":{"rendered":"<p><img loading=\"lazy\" decoding=\"async\" class=\"aligncenter wp-image-4009 size-large\" src=\"https:\/\/www.igito.it\/wp-content\/uploads\/2026\/03\/9f9772a3-12d1-4851-81fc-18547d3b303d-943x1024.jpeg\" alt=\"\" width=\"840\" height=\"912\" srcset=\"https:\/\/www.igito.it\/wp-content\/uploads\/2026\/03\/9f9772a3-12d1-4851-81fc-18547d3b303d-943x1024.jpeg 943w, https:\/\/www.igito.it\/wp-content\/uploads\/2026\/03\/9f9772a3-12d1-4851-81fc-18547d3b303d-276x300.jpeg 276w, https:\/\/www.igito.it\/wp-content\/uploads\/2026\/03\/9f9772a3-12d1-4851-81fc-18547d3b303d-768x834.jpeg 768w, https:\/\/www.igito.it\/wp-content\/uploads\/2026\/03\/9f9772a3-12d1-4851-81fc-18547d3b303d.jpeg 1105w\" sizes=\"auto, (max-width: 709px) 85vw, (max-width: 909px) 67vw, (max-width: 1362px) 62vw, 840px\" \/><br \/>\n<\/p>\n<p><b>Roberto Garetto<\/b> es el actual Director del Instituto Jur\u00eddico Internacional de Tur\u00edn &#8211; IgiTo.<\/p>\n<p>Es doctor en Derecho Civil en Legalidad Constitucional por la Universidad de Camerino, Italia, con la que ha mantenido una vinculaci\u00f3n. Es profesor honorario del Instituto de Ciencias e Investigaci\u00f3n en Legislaci\u00f3n y Jurisprudencia (INCILJ), Tlaxcala, M\u00e9xico.<\/p>\n<p>Su investigaci\u00f3n, publicada en ingl\u00e9s, espa\u00f1ol e italiano, se centra en derecho de la persona y derechos fundamentales, derecho matrimonial y de familia, derecho animal y derecho ambiental. Ha presentado sus trabajos en numerosos congresos internacionales.<\/p>\n<p>Actualmente forma parte del equipo del proyecto <i>Enabling Consumer to become Prosumer in the Energy Transition Era<\/i> (ECPE) en la Universidad de Camerino, habiendo participado anteriormente en los proyectos financiados por la Uni\u00f3n Europea <i>Personalized Solution in European Family and Succession Law<\/i> (PSEFS) y <i>E-Training on EU Family Property Regimes<\/i> (EU-FamPro).<\/p>\n<p><\/p>","protected":false},"excerpt":{"rendered":"<p>Roberto Garetto es el actual Director del Instituto Jur\u00eddico Internacional de Tur\u00edn &#8211; IgiTo. Es doctor en Derecho Civil en Legalidad Constitucional por la Universidad de Camerino, Italia, con la que ha mantenido una vinculaci\u00f3n. Es profesor honorario del Instituto de Ciencias e Investigaci\u00f3n en Legislaci\u00f3n y Jurisprudencia (INCILJ), Tlaxcala, M\u00e9xico. Su investigaci\u00f3n, publicada en &hellip; <a href=\"https:\/\/www.igito.it\/es\/institute\/roberto-garetto\/\" class=\"more-link\">Continuar leyendo<span class=\"screen-reader-text\"> \u00abRoberto Garetto\u00bb<\/span><\/a><\/p>\n","protected":false},"author":1,"featured_media":0,"parent":19,"menu_order":0,"comment_status":"closed","ping_status":"closed","template":"","meta":{"footnotes":""},"class_list":["post-3949","page","type-page","status-publish","hentry"],"_links":{"self":[{"href":"https:\/\/www.igito.it\/es\/wp-json\/wp\/v2\/pages\/3949","targetHints":{"allow":["GET"]}}],"collection":[{"href":"https:\/\/www.igito.it\/es\/wp-json\/wp\/v2\/pages"}],"about":[{"href":"https:\/\/www.igito.it\/es\/wp-json\/wp\/v2\/types\/page"}],"author":[{"embeddable":true,"href":"https:\/\/www.igito.it\/es\/wp-json\/wp\/v2\/users\/1"}],"replies":[{"embeddable":true,"href":"https:\/\/www.igito.it\/es\/wp-json\/wp\/v2\/comments?post=3949"}],"version-history":[{"count":7,"href":"https:\/\/www.igito.it\/es\/wp-json\/wp\/v2\/pages\/3949\/revisions"}],"predecessor-version":[{"id":4011,"href":"https:\/\/www.igito.it\/es\/wp-json\/wp\/v2\/pages\/3949\/revisions\/4011"}],"up":[{"embeddable":true,"href":"https:\/\/www.igito.it\/es\/wp-json\/wp\/v2\/pages\/19"}],"wp:attachment":[{"href":"https:\/\/www.igito.it\/es\/wp-json\/wp\/v2\/media?parent=3949"}],"curies":[{"name":"wp","href":"https:\/\/api.w.org\/{rel}","templated":true}]}}