{"id":3955,"date":"2026-03-17T17:23:39","date_gmt":"2026-03-17T16:23:39","guid":{"rendered":"https:\/\/www.igito.it\/?page_id=3955"},"modified":"2026-04-29T20:10:34","modified_gmt":"2026-04-29T19:10:34","slug":"pubblicazioni","status":"publish","type":"page","link":"https:\/\/www.igito.it\/es\/pubblicazioni\/","title":{"rendered":"Publicaciones"},"content":{"rendered":"<p><\/p>\n<p data-start=\"2649\" data-end=\"2933\">Bienvenidos a la secci\u00f3n editorial y de publicaciones de IgiTo \u2013 Instituto Jur\u00eddico Internacional de Tur\u00edn. Aqu\u00ed encontrar\u00e1 toda la informaci\u00f3n relativa a nuestras actividades editoriales, el cat\u00e1logo de las obras publicadas y las normas que gu\u00edan nuestro proceso de selecci\u00f3n y revisi\u00f3n.<\/p>\n<p data-start=\"2649\" data-end=\"2933\">El <strong>sello editorial<\/strong> \u00abIgiTo &#8211; Istituto giuridico internazionale di Torino\u00bb est\u00e1 actualmente registrado ante la <strong data-start=\"4956\" data-end=\"5004\">Agencia ISBN Italia<\/strong>.<\/p>\n<p style=\"padding-left: 40px;\" data-start=\"169\" data-end=\"429\">Enlaces r\u00e1pidos:<\/p>\n<ul>\n<li style=\"list-style-type: none;\">\n<ul>\n<li style=\"list-style-type: none;\">\n<ul>\n<li style=\"list-style-type: none;\">\n<ul>\n<li style=\"list-style-type: none;\">\n<ul>\n<li style=\"list-style-type: none;\">\n<ul>\n<li><strong data-start=\"2564\" data-end=\"2612\"><a href=\"https:\/\/www.igito.it\/it\/category\/resources\/publications\/\">CAT\u00c1LOGO DE OBRAS PUBLICADAS<\/a><\/strong><\/li>\n<li><a href=\"https:\/\/www.igito.it\/pubblicazioni\/regolamento-editoriale\/\">Reglamento Editorial<\/a><\/li>\n<\/ul>\n<\/li>\n<\/ul>\n<\/li>\n<\/ul>\n<\/li>\n<\/ul>\n<\/li>\n<\/ul>\n<\/li>\n<\/ul>\n<p data-start=\"2935\" data-end=\"2968\"><em><strong><br \/>\nNuestra Actividad Editorial<\/strong><\/em><\/p>\n<p data-start=\"2969\" data-end=\"3370\">En cumplimiento de sus fines estatutarios, IgiTo se encarga de la publicaci\u00f3n de obras cient\u00edficas jur\u00eddicas, entre ellas libros de investigaci\u00f3n, vol\u00famenes colect\u00e1neos y ensayos de autores y editores que trabajan en los distintos campos del derecho. Hasta la fecha, el Instituto ha promovido la publicaci\u00f3n de una serie cada vez m\u00e1s nutrida de obras de autores de prestigio internacional, en diferentes idiomas.<\/p>\n<p data-start=\"3372\" data-end=\"3562\">Las obras publicadas por IgiTo buscan contribuir a la difusi\u00f3n de la investigaci\u00f3n y del debate jur\u00eddico. La actividad editorial se inspira en los m\u00e1s rigurosos criterios de cientificidad.<\/p>\n<p data-start=\"3564\" data-end=\"3612\"><em><strong>Est\u00e1ndares de Calidad y Revisi\u00f3n por Pares<\/strong><\/em><\/p>\n<p data-start=\"3613\" data-end=\"3857\">Sin perjuicio de la responsabilidad exclusiva de los autores respecto a los contenidos de cada obra, el Instituto ha otorgado su aval a dichas publicaciones tras haber evaluado y aprobado su calidad como productos de investigaci\u00f3n cient\u00edfica.<\/p>\n<p data-start=\"3859\" data-end=\"4371\">En concreto, las publicaciones gestionadas por el Instituto son previamente evaluadas por la Direcci\u00f3n Editorial, articulaci\u00f3n del Comit\u00e9 Cient\u00edfico Internacional, para verificar su conformidad con los criterios editoriales de la serie. Posteriormente, se someten a revisi\u00f3n por pares de dos evaluadores an\u00f3nimos (modalidad de doble ciego), siempre bajo la supervisi\u00f3n del Comit\u00e9 Cient\u00edfico Internacional. La obra se acepta para su publicaci\u00f3n \u00fanicamente si ambos dict\u00e1menes emitidos por los revisores son positivos.<\/p>\n<p data-start=\"4373\" data-end=\"4801\">Los criterios de evaluaci\u00f3n de las obras por parte de los revisores consideran exclusivamente la calidad cient\u00edfica de los textos propuestos, la originalidad de los resultados presentados y la relevancia del aporte al respectivo campo de investigaci\u00f3n. Tanto autores como revisores deben respetar rigurosamente los principios \u00e9ticos compartidos por la comunidad acad\u00e9mica internacional en materia de publicaciones cient\u00edficas.<\/p>\n<p data-start=\"4803\" data-end=\"4890\">Para m\u00e1s detalles, se encuentra p\u00fablicamente disponible nuestro <a href=\"https:\/\/www.igito.it\/pubblicazioni\/regolamento-editoriale\/\">Reglamento Editorial<\/a>.<\/p>\n<p data-start=\"4892\" data-end=\"4917\"><em><strong>Est\u00e1ndares T\u00e9cnicos<\/strong><\/em><\/p>\n<p data-start=\"4918\" data-end=\"5169\">El sello editorial \u00abIgiTo &#8211; Istituto giuridico internazionale di Torino\u00bb est\u00e1 actualmente registrado ante la <strong data-start=\"4956\" data-end=\"5004\">Agencia ISBN Italia<\/strong>. A cada obra se le asigna un c\u00f3digo ISBN \u00fanico conforme a los est\u00e1ndares internacionales, que garantiza y facilita su identificaci\u00f3n, catalogaci\u00f3n y distribuci\u00f3n.<\/p>\n<p data-start=\"5171\" data-end=\"5227\">A trav\u00e9s del siguiente enlace podr\u00e1 acceder a nuestra:<\/p>\n<p data-start=\"5229\" data-end=\"5284\"><a href=\"https:\/\/www.igito.it\/it\/category\/resources\/publications\/\"><strong data-start=\"5229\" data-end=\"5282\">CAT\u00c1LOGO DE OBRAS PUBLICADAS<\/strong><\/a><\/p>","protected":false},"excerpt":{"rendered":"<p>Bienvenidos a la secci\u00f3n editorial y de publicaciones de IgiTo \u2013 Instituto Jur\u00eddico Internacional de Tur\u00edn. Aqu\u00ed encontrar\u00e1 toda la informaci\u00f3n relativa a nuestras actividades editoriales, el cat\u00e1logo de las obras publicadas y las normas que gu\u00edan nuestro proceso de selecci\u00f3n y revisi\u00f3n. El sello editorial \u00abIgiTo &#8211; Istituto giuridico internazionale di Torino\u00bb est\u00e1 actualmente &hellip; <a href=\"https:\/\/www.igito.it\/es\/pubblicazioni\/\" class=\"more-link\">Continuar leyendo<span class=\"screen-reader-text\"> \u00abPublicaciones\u00bb<\/span><\/a><\/p>\n","protected":false},"author":1,"featured_media":0,"parent":0,"menu_order":3,"comment_status":"closed","ping_status":"closed","template":"","meta":{"footnotes":""},"class_list":["post-3955","page","type-page","status-publish","hentry"],"_links":{"self":[{"href":"https:\/\/www.igito.it\/es\/wp-json\/wp\/v2\/pages\/3955","targetHints":{"allow":["GET"]}}],"collection":[{"href":"https:\/\/www.igito.it\/es\/wp-json\/wp\/v2\/pages"}],"about":[{"href":"https:\/\/www.igito.it\/es\/wp-json\/wp\/v2\/types\/page"}],"author":[{"embeddable":true,"href":"https:\/\/www.igito.it\/es\/wp-json\/wp\/v2\/users\/1"}],"replies":[{"embeddable":true,"href":"https:\/\/www.igito.it\/es\/wp-json\/wp\/v2\/comments?post=3955"}],"version-history":[{"count":27,"href":"https:\/\/www.igito.it\/es\/wp-json\/wp\/v2\/pages\/3955\/revisions"}],"predecessor-version":[{"id":4106,"href":"https:\/\/www.igito.it\/es\/wp-json\/wp\/v2\/pages\/3955\/revisions\/4106"}],"wp:attachment":[{"href":"https:\/\/www.igito.it\/es\/wp-json\/wp\/v2\/media?parent=3955"}],"curies":[{"name":"wp","href":"https:\/\/api.w.org\/{rel}","templated":true}]}}