{"id":81,"date":"2015-11-24T18:59:43","date_gmt":"2015-11-24T17:59:43","guid":{"rendered":"http:\/\/www.igito.it\/?page_id=81"},"modified":"2022-05-22T02:12:24","modified_gmt":"2022-05-22T01:12:24","slug":"about","status":"publish","type":"page","link":"https:\/\/www.igito.it\/es\/about\/","title":{"rendered":"Contactos\/inscr\u00edbase"},"content":{"rendered":"<p><\/p>\n<hr \/>\n<p><strong>CONTACTOS<\/strong><\/p>\n<p>Istituto giuridico internazionale di Torino (IgiTo)<br \/>\nAssociaci\u00f3n ex art\u00edculo 36 del c\u00f3digo civil italiano<br \/>\nC\u00f3digo fiscal: 97800880011<\/p>\n<p>Via Alfieri n. 24, 10121 Torino, Italy<\/p>\n<p>Tel.\/WhatsApp: <a href=\"http:\/\/wa.me\/message\/VMP4A73C5X45N1\" target=\"_blank\" rel=\"noopener\">+39.011.19118726<\/a><br \/>\nFax: +39.011.19112895<br \/>\nE-mail: <a href=\"mailto:info@igito.it\">info@igito.it<\/a><br \/>\nWeb: <a href=\"http:\/\/www.igito.it\">www.igito.it<\/a><br \/>\nP.e.c. (correo electr\u00f3nico legal):\u00a0<a href=\"mailto:igito@pec.it\">igito@pec.it<\/a><\/p>\n<p>Para informaciones detalladas sobre la privacy policy y la disciplina general del Instituto <a href=\"https:\/\/www.igito.it\/about\/policyandprivacy\/\" target=\"_blank\" rel=\"noopener noreferrer\">hacer click aqu\u00ed<\/a>.<\/p>\n<p>Para acceder a la webmail de IgiTo, si tiene una cuenta, visite <a href=\"http:\/\/webmail.igito.it\/\" target=\"_blank\" rel=\"noopener noreferrer\">este link<\/a>.<\/p>\n<hr \/>\n<p><strong>INSCRIPCIONES<\/strong><\/p>\n<p><strong><em>\u00a1Inscr\u00edbase en\u00a0IgiTo!<\/em><\/strong><\/p>\n<p>Como Miembro Inscrito de IgiTo Usted podr\u00e1, para el a\u00f1o en curso, asistir a todos los eventos organizados por el Instituto, en forma presencial o virtual, participar activamente en los grupos de investigaci\u00f3n promovidos por el Instituto y acceder al \u00e1rea privada del sitio web.<\/p>\n<p><strong><em>Para aplicar para la inscripci\u00f3n, escr\u00edbanos a<\/em><\/strong><strong><em>\u00a0<a href=\"mailto:info@igito.it\" target=\"_blank\" rel=\"noopener noreferrer\">info@igito.it<\/a>\u00a0.<\/em><\/strong><\/p>\n<p><\/p>","protected":false},"excerpt":{"rendered":"<p>CONTACTOS Istituto giuridico internazionale di Torino (IgiTo) Associaci\u00f3n ex art\u00edculo 36 del c\u00f3digo civil italiano C\u00f3digo fiscal: 97800880011 Via Alfieri n. 24, 10121 Torino, Italy Tel.\/WhatsApp: +39.011.19118726 Fax: +39.011.19112895 E-mail: info@igito.it Web: www.igito.it P.e.c. (correo electr\u00f3nico legal):\u00a0igito@pec.it Para informaciones detalladas sobre la privacy policy y la disciplina general del Instituto hacer click aqu\u00ed. Para acceder &hellip; <a href=\"https:\/\/www.igito.it\/es\/about\/\" class=\"more-link\">Continuar leyendo<span class=\"screen-reader-text\"> \u00abContactos\/inscr\u00edbase\u00bb<\/span><\/a><\/p>\n","protected":false},"author":1,"featured_media":0,"parent":0,"menu_order":6,"comment_status":"closed","ping_status":"closed","template":"","meta":{"footnotes":""},"class_list":["post-81","page","type-page","status-publish","hentry"],"_links":{"self":[{"href":"https:\/\/www.igito.it\/es\/wp-json\/wp\/v2\/pages\/81","targetHints":{"allow":["GET"]}}],"collection":[{"href":"https:\/\/www.igito.it\/es\/wp-json\/wp\/v2\/pages"}],"about":[{"href":"https:\/\/www.igito.it\/es\/wp-json\/wp\/v2\/types\/page"}],"author":[{"embeddable":true,"href":"https:\/\/www.igito.it\/es\/wp-json\/wp\/v2\/users\/1"}],"replies":[{"embeddable":true,"href":"https:\/\/www.igito.it\/es\/wp-json\/wp\/v2\/comments?post=81"}],"version-history":[{"count":0,"href":"https:\/\/www.igito.it\/es\/wp-json\/wp\/v2\/pages\/81\/revisions"}],"wp:attachment":[{"href":"https:\/\/www.igito.it\/es\/wp-json\/wp\/v2\/media?parent=81"}],"curies":[{"name":"wp","href":"https:\/\/api.w.org\/{rel}","templated":true}]}}