{"id":3955,"date":"2026-03-17T17:23:39","date_gmt":"2026-03-17T16:23:39","guid":{"rendered":"https:\/\/www.igito.it\/?page_id=3955"},"modified":"2026-04-29T20:10:34","modified_gmt":"2026-04-29T19:10:34","slug":"pubblicazioni","status":"publish","type":"page","link":"https:\/\/www.igito.it\/it\/pubblicazioni\/","title":{"rendered":"Pubblicazioni"},"content":{"rendered":"<p> Benvenuti nella sezione di pubblicazioni di IgiTo &#8211; Istituto Giuridico Internazionale di Torino. Qui troverete tutte le informazioni relative alle nostre attivit\u00e0 editoriali, il catalogo delle opere pubblicate e le regole che guidano il nostro processo di selezione e revisione.<\/p>\n<p>Il marchio editoriale &#8220;IgiTo &#8211; Istituto giuridico internazionale di Torino&#8221; \u00e8 attualmente registrato presso l\u2019Agenzia ISBN Italia<\/p>\n<p style=\"padding-left: 40px;\">Link rapidi:<\/p>\n<ul>\n<li style=\"list-style-type: none;\">\n<ul>\n<li style=\"list-style-type: none;\">\n<ul>\n<li style=\"list-style-type: none;\">\n<ul>\n<li><strong><a href=\"https:\/\/www.igito.it\/it\/category\/resources\/publications\/\">CATALOGO OPERE PUBBLICATE<\/a><\/strong><\/li>\n<li><a href=\"https:\/\/www.igito.it\/pubblicazioni\/regolamento-editoriale\/\">Regolamento editoriale<\/a><\/li>\n<\/ul>\n<\/li>\n<\/ul>\n<\/li>\n<\/ul>\n<\/li>\n<\/ul>\n<p><em><strong><br \/>\nLa nostra attivit\u00e0 editoriale<\/strong><\/em><\/p>\n<p>In attuazione dei suoi scopi statutari, IgiTo cura la pubblicazione di opere scientifiche giuridiche, tra cui monografie, volumi collettanei e saggi di autori e curatori che operano nei diversi ambiti del diritto. Ad oggi, l&#8217;Istituto ha curato la pubblicazione di una serie ormai nutrita di opere di autori di calibro internazionale, in differenti lingue.<\/p>\n<p>Le opere pubblicate da IgiTo intendono contribuire alla diffusione della ricerca e del dibattito giuridico. L&#8217;attivit\u00e0 di pubblicazione si ispira a pi\u00f9 rigorosi criteri di scientificit\u00e0.<\/p>\n<p><em><strong>Standard di qualit\u00e0 e referaggio<\/strong><\/em><\/p>\n<p>Fatta salva l\u2019esclusiva responsabilit\u00e0 degli autori in ordine ai contenuti di ciascuna opera, l&#8217;Istituto ha riconosciuto i propri auspici a tali pubblicazioni, avendone valutata e approvata la qualit\u00e0 come prodotto di ricerca scientifica.<\/p>\n<p>Nello specifico, le pubblicazioni curate dall&#8217;Istituto sono previamente valutate dalla Direzione editoriale, articolazione del Comitato scientifico internazionale,\u00a0per accertarne la conformit\u00e0 ai criteri redazionali della serie. Successivamente sono sottoposte a referaggio da parte di due revisori anonimi (modalit\u00e0 doppio cieco), sempre a cura del Comitato scientifico internazionale. Il lavoro \u00e8 accettato per la pubblicazione solo nel caso in cui entrambi i pareri resi dai revisori siano positivi.<\/p>\n<p>I criteri di valutazione delle opere da parte dei revisori considerano esclusivamente la qualit\u00e0 scientifica dei testi proposti, l&#8217;originalit\u00e0 dei risultati presentati e la rilevanza del contributo al relativo settore di ricerca. \u00c8 richiesto tanto agli autori quanto si revisori un rigoroso rispetto dei principi etici condivisi dalla comunit\u00e0 accademica internazionale in materia di pubblicazioni scientifiche.<\/p>\n<p>Per maggiori dettagli \u00e8 consultabile pubblicamente il nostro <a href=\"https:\/\/www.igito.it\/pubblicazioni\/regolamento-editoriale\/\">Regolamento editoriale<\/a>.<\/p>\n<p><em><strong>Standard tecnici<\/strong><\/em><\/p>\n<p>Il marchio editoriale &#8220;IgiTo &#8211; Istituto giuridico internazionale di Torino&#8221; \u00e8 oggi registrato presso l\u2019Agenzia ISBN Italia. Ad ogni opera viene assegnato un codice ISBN univoco secondo gli standard internazionali, che ne garantisce e facilita l\u2019identificazione, la catalogazione e la distribuzione.<\/p>\n<p>Attraverso il link seguente \u00e8 possibile accedere alla nostra<\/p>\n<p><strong><a href=\"https:\/\/www.igito.it\/it\/category\/resources\/publications\/\">CATALOGO OPERE PUBBLICATE<\/a><\/strong><\/p>\n<p>","protected":false},"excerpt":{"rendered":"<p>Benvenuti nella sezione di pubblicazioni di IgiTo &#8211; Istituto Giuridico Internazionale di Torino. Qui troverete tutte le informazioni relative alle nostre attivit\u00e0 editoriali, il catalogo delle opere pubblicate e le regole che guidano il nostro processo di selezione e revisione. Il marchio editoriale &#8220;IgiTo &#8211; Istituto giuridico internazionale di Torino&#8221; \u00e8 attualmente registrato presso l\u2019Agenzia &hellip; <a href=\"https:\/\/www.igito.it\/it\/pubblicazioni\/\" class=\"more-link\">Leggi tutto<span class=\"screen-reader-text\"> &#8220;Pubblicazioni&#8221;<\/span><\/a><\/p>\n","protected":false},"author":1,"featured_media":0,"parent":0,"menu_order":3,"comment_status":"closed","ping_status":"closed","template":"","meta":{"footnotes":""},"class_list":["post-3955","page","type-page","status-publish","hentry"],"_links":{"self":[{"href":"https:\/\/www.igito.it\/it\/wp-json\/wp\/v2\/pages\/3955","targetHints":{"allow":["GET"]}}],"collection":[{"href":"https:\/\/www.igito.it\/it\/wp-json\/wp\/v2\/pages"}],"about":[{"href":"https:\/\/www.igito.it\/it\/wp-json\/wp\/v2\/types\/page"}],"author":[{"embeddable":true,"href":"https:\/\/www.igito.it\/it\/wp-json\/wp\/v2\/users\/1"}],"replies":[{"embeddable":true,"href":"https:\/\/www.igito.it\/it\/wp-json\/wp\/v2\/comments?post=3955"}],"version-history":[{"count":27,"href":"https:\/\/www.igito.it\/it\/wp-json\/wp\/v2\/pages\/3955\/revisions"}],"predecessor-version":[{"id":4106,"href":"https:\/\/www.igito.it\/it\/wp-json\/wp\/v2\/pages\/3955\/revisions\/4106"}],"wp:attachment":[{"href":"https:\/\/www.igito.it\/it\/wp-json\/wp\/v2\/media?parent=3955"}],"curies":[{"name":"wp","href":"https:\/\/api.w.org\/{rel}","templated":true}]}}